{"id":3419,"date":"2016-01-22T17:19:24","date_gmt":"2016-01-22T17:19:24","guid":{"rendered":"https:\/\/neumaticoslucena.com\/politica-de-privacidad-y-cookies\/"},"modified":"2023-06-12T08:12:36","modified_gmt":"2023-06-12T08:12:36","slug":"politica-de-privacidade-e-cookies","status":"publish","type":"page","link":"https:\/\/neumaticoslucena.com\/pt-pt\/politica-de-privacidade-e-cookies\/","title":{"rendered":"Pol\u00edtica de privacidade e cookies"},"content":{"rendered":"<p>&nbsp;<\/p>\n<h2>Pol\u00edtica de privacidade e cookies<\/h2>\n<p><strong>CL\u00c1USULA INFORMATIVA<\/strong><\/p>\n<p>A privacidade \u00e9 de grande import\u00e2ncia para a NEUMATICOS LUCENA S.L. e queremos manter uma atitude aberta e transparente ao lidar com o seu dados pessoais. Por isso, temos uma pol\u00edtica que define como os seus dados pessoais s\u00e3o processados e protegidos.<\/p>\n<p><strong>Quem \u00e9 respons\u00e1vel pelo tratamento dos seus dados?<\/strong><\/p>\n<p>NEUMATICOS LUCENA SL &#8211; BRASIL | CIF: B14394555 | Endere\u00e7o postal: LUCENA (CORDOBA), C.P. 14900, AVENIDA LA RIOJA N\u00ba 16 POL. ..IND. PILAR DE DEHESA<\/p>\n<p>E-mail: <a href=\"mailto:administracion@neumaticoslucena.com\">administracion@neumaticoslucena.com<\/a><\/p>\n<p><strong>Com que \ufb01nalidade tratamos os seus dados pessoais?<\/strong><\/p>\n<p>Na NEUMATICOS LUCENA S.L. tratamos a informa\u00e7\u00e3o fornecida pelas pessoas interessadas com o objetivo de realizar a gest\u00e3o administrativa, contabilidade e fiscalidade dos servi\u00e7os solicitados, bem como envio de comunica\u00e7\u00f5es comerciais sobre os nossos produtos e servi\u00e7os, para os quais consentimento que deu.<\/p>\n<p><strong>Durante quanto tempo conservaremos os seus dados?<\/strong><\/p>\n<p>Os dados ser\u00e3o conservados enquanto se mantiver a rela\u00e7\u00e3o comercial e, se for caso disso, durante os anos necess\u00e1rios para cumprir o Obriga\u00e7\u00f5es legais que podem ser aplicadas.<\/p>\n<p><strong>Qual \u00e9 a legitimidade para o tratamento dos seus dados?<\/strong><\/p>\n<p>Indicamos a base legal para o tratamento dos seus dados:<\/p>\n<ul>\n<li>Execu\u00e7\u00e3o de um contrato: Presta\u00e7\u00e3o dos servi\u00e7os solicitados<\/li>\n<li>Consentimento da parte interessada: Envio de comunica\u00e7\u00f5es comerciais.<\/li>\n<\/ul>\n<p><strong>A que destinat\u00e1rios ser\u00e3o comunicados os seus dados?<\/strong><\/p>\n<p>Os seus dados apenas ser\u00e3o transferidos para terceiros para os quais tenhamos obtido devidamente o seu consentimento, bem como para dar Cumprimento de obriga\u00e7\u00f5es legais.<\/p>\n<p><strong>Transfer\u00eancias de dados para pa\u00edses terceiros<\/strong><\/p>\n<p>N\u00e3o est\u00e3o previstas transfer\u00eancias de dados para pa\u00edses terceiros.<\/p>\n<p><strong>Quais s\u00e3o os seus direitos quando nos fornece os seus dados?<\/strong><\/p>\n<p>Qualquer pessoa tem o direito de obter confirma\u00e7\u00e3o sobre se na NEUMATICOS LUCENA S.L. estamos tratando dados pessoais que preocupa\u00e7\u00e3o, ou n\u00e3o.<\/p>\n<p>As pessoas interessadas t\u00eam o direito de aceder aos seus dados pessoais, bem como de solicitar a retifica\u00e7\u00e3o dos dados inexatos ou, nos seus Neste caso, solicitar a sua elimina\u00e7\u00e3o quando, entre outros motivos, os dados j\u00e1 n\u00e3o forem necess\u00e1rios para as finalidades para as quais foram recolhidos. Em determinadas circunst\u00e2ncias, as partes interessadas podem solicitar a limita\u00e7\u00e3o do tratamento dos seus dados, caso em que apenas o Reteremos para o exerc\u00edcio ou defesa de reivindica\u00e7\u00f5es.<\/p>\n<p>Em determinadas circunst\u00e2ncias e por motivos relacionados com a sua situa\u00e7\u00e3o particular, os titulares dos dados podem opor-se ao tratamento dos seusdados. Neste caso, a NEUMATICOS LUCENA S.L. cessar\u00e1 o tratamento dos dados, exceto por motivos leg\u00edtimos imperiosos, ou pelo exerc\u00edcio ou defesa dePoss\u00edveis reivindica\u00e7\u00f5es.<\/p>\n<p>Pode exercer materialmente os seus direitos da seguinte forma: contactando o endere\u00e7o de correio eletr\u00f3nico da pessoa respons\u00e1vel pelo tratamento descrito acima, anexando uma c\u00f3pia do seu documento de identifica\u00e7\u00e3o ou documento de identidade.<\/p>\n<p>Se tiver dado o seu consentimento para uma finalidade espec\u00edfica, tem o direito de retirar o consentimento dado a qualquer momento,\u00a0 sem afetar a legalidade do tratamento baseado no consentimento anterior \u00e0 sua retirada.<\/p>\n<p>Caso considere que os seus direitos relativos \u00e0 prote\u00e7\u00e3o dos seus dados pessoais foram violados, especialmente quando n\u00e3o existe\u00a0 obtido satisfa\u00e7\u00e3o no exerc\u00edcio dos seus direitos, podem apresentar uma queixa junto da Autoridade de Controlo de Prote\u00e7\u00e3o de dados competentes atrav\u00e9s do seu website: WWW.AEPD.ES<\/p>\n<p><strong>Como obtivemos os seus dados?<\/strong><\/p>\n<p>Os dados pessoais que tratamos na NEUMATICOS LUCENA S.L. foram fornecidos diretamente pela parte interessada.<\/p>\n<p>As categorias de dados que s\u00e3o tratados s\u00e3o:<\/p>\n<ul>\n<li>Dados de identifica\u00e7\u00e3o<\/li>\n<li>Endere\u00e7os postais e eletr\u00f3nicos<\/li>\n<li>Informa\u00e7\u00e3o comercial<\/li>\n<\/ul>\n","protected":false},"excerpt":{"rendered":"<p>&nbsp; Pol\u00edtica de privacidade e cookies CL\u00c1USULA INFORMATIVA A privacidade \u00e9 de grande import\u00e2ncia para a NEUMATICOS LUCENA S.L. e queremos manter uma atitude aberta e transparente ao lidar com o seu dados pessoais. Por isso, temos uma pol\u00edtica que define como os seus dados pessoais s\u00e3o processados e protegidos. Quem \u00e9 respons\u00e1vel pelo tratamento dos seus dados? NEUMATICOS LUCENA [&hellip;]<\/p>\n","protected":false},"author":1,"featured_media":0,"parent":0,"menu_order":0,"comment_status":"closed","ping_status":"closed","template":"","meta":{"footnotes":""},"class_list":["post-3419","page","type-page","status-publish","hentry"],"yoast_head":"<!-- This site is optimized with the Yoast SEO plugin v26.2 - https:\/\/yoast.com\/wordpress\/plugins\/seo\/ -->\n<title>Pol\u00edtica de privacidade e cookies - Neum\u00e1ticos Lucena<\/title>\n<meta name=\"robots\" content=\"index, follow, max-snippet:-1, max-image-preview:large, max-video-preview:-1\" \/>\n<link rel=\"canonical\" href=\"https:\/\/neumaticoslucena.com\/pt-pt\/politica-de-privacidade-e-cookies\/\" \/>\n<meta property=\"og:locale\" content=\"pt_PT\" \/>\n<meta property=\"og:type\" content=\"article\" \/>\n<meta property=\"og:title\" content=\"Pol\u00edtica de privacidade e cookies - Neum\u00e1ticos Lucena\" \/>\n<meta property=\"og:description\" content=\"&nbsp; Pol\u00edtica de privacidade e cookies CL\u00c1USULA INFORMATIVA A privacidade \u00e9 de grande import\u00e2ncia para a NEUMATICOS LUCENA S.L. e queremos manter uma atitude aberta e transparente ao lidar com o seu dados pessoais. Por isso, temos uma pol\u00edtica que define como os seus dados pessoais s\u00e3o processados e protegidos. Quem \u00e9 respons\u00e1vel pelo tratamento dos seus dados? NEUMATICOS LUCENA [&hellip;]\" \/>\n<meta property=\"og:url\" content=\"https:\/\/neumaticoslucena.com\/pt-pt\/politica-de-privacidade-e-cookies\/\" \/>\n<meta property=\"og:site_name\" content=\"Neum\u00e1ticos Lucena\" \/>\n<meta property=\"article:modified_time\" content=\"2023-06-12T08:12:36+00:00\" \/>\n<meta name=\"twitter:card\" content=\"summary_large_image\" \/>\n<meta name=\"twitter:label1\" content=\"Tempo estimado de leitura\" \/>\n\t<meta name=\"twitter:data1\" content=\"3 minutos\" \/>\n<script type=\"application\/ld+json\" class=\"yoast-schema-graph\">{\"@context\":\"https:\/\/schema.org\",\"@graph\":[{\"@type\":\"WebPage\",\"@id\":\"https:\/\/neumaticoslucena.com\/pt-pt\/politica-de-privacidade-e-cookies\/\",\"url\":\"https:\/\/neumaticoslucena.com\/pt-pt\/politica-de-privacidade-e-cookies\/\",\"name\":\"Pol\u00edtica de privacidade e cookies - Neum\u00e1ticos Lucena\",\"isPartOf\":{\"@id\":\"https:\/\/neumaticoslucena.com\/pt-pt\/#website\"},\"datePublished\":\"2016-01-22T17:19:24+00:00\",\"dateModified\":\"2023-06-12T08:12:36+00:00\",\"breadcrumb\":{\"@id\":\"https:\/\/neumaticoslucena.com\/pt-pt\/politica-de-privacidade-e-cookies\/#breadcrumb\"},\"inLanguage\":\"pt-PT\",\"potentialAction\":[{\"@type\":\"ReadAction\",\"target\":[\"https:\/\/neumaticoslucena.com\/pt-pt\/politica-de-privacidade-e-cookies\/\"]}]},{\"@type\":\"BreadcrumbList\",\"@id\":\"https:\/\/neumaticoslucena.com\/pt-pt\/politica-de-privacidade-e-cookies\/#breadcrumb\",\"itemListElement\":[{\"@type\":\"ListItem\",\"position\":1,\"name\":\"Portada\",\"item\":\"https:\/\/neumaticoslucena.com\/pt-pt\/\"},{\"@type\":\"ListItem\",\"position\":2,\"name\":\"Pol\u00edtica de privacidade e cookies\"}]},{\"@type\":\"WebSite\",\"@id\":\"https:\/\/neumaticoslucena.com\/pt-pt\/#website\",\"url\":\"https:\/\/neumaticoslucena.com\/pt-pt\/\",\"name\":\"Neum\u00e1ticos Lucena\",\"description\":\"\",\"publisher\":{\"@id\":\"https:\/\/neumaticoslucena.com\/pt-pt\/#organization\"},\"potentialAction\":[{\"@type\":\"SearchAction\",\"target\":{\"@type\":\"EntryPoint\",\"urlTemplate\":\"https:\/\/neumaticoslucena.com\/pt-pt\/?s={search_term_string}\"},\"query-input\":{\"@type\":\"PropertyValueSpecification\",\"valueRequired\":true,\"valueName\":\"search_term_string\"}}],\"inLanguage\":\"pt-PT\"},{\"@type\":\"Organization\",\"@id\":\"https:\/\/neumaticoslucena.com\/pt-pt\/#organization\",\"name\":\"Neum\u00e1ticos Lucena\",\"url\":\"https:\/\/neumaticoslucena.com\/pt-pt\/\",\"logo\":{\"@type\":\"ImageObject\",\"inLanguage\":\"pt-PT\",\"@id\":\"https:\/\/neumaticoslucena.com\/pt-pt\/#\/schema\/logo\/image\/\",\"url\":\"https:\/\/neumaticoslucena.com\/wp-content\/uploads\/2016\/10\/logo_lucena.jpg\",\"contentUrl\":\"https:\/\/neumaticoslucena.com\/wp-content\/uploads\/2016\/10\/logo_lucena.jpg\",\"width\":197,\"height\":61,\"caption\":\"Neum\u00e1ticos Lucena\"},\"image\":{\"@id\":\"https:\/\/neumaticoslucena.com\/pt-pt\/#\/schema\/logo\/image\/\"}}]}<\/script>\n<!-- \/ Yoast SEO plugin. -->","yoast_head_json":{"title":"Pol\u00edtica de privacidade e cookies - Neum\u00e1ticos Lucena","robots":{"index":"index","follow":"follow","max-snippet":"max-snippet:-1","max-image-preview":"max-image-preview:large","max-video-preview":"max-video-preview:-1"},"canonical":"https:\/\/neumaticoslucena.com\/pt-pt\/politica-de-privacidade-e-cookies\/","og_locale":"pt_PT","og_type":"article","og_title":"Pol\u00edtica de privacidade e cookies - Neum\u00e1ticos Lucena","og_description":"&nbsp; Pol\u00edtica de privacidade e cookies CL\u00c1USULA INFORMATIVA A privacidade \u00e9 de grande import\u00e2ncia para a NEUMATICOS LUCENA S.L. e queremos manter uma atitude aberta e transparente ao lidar com o seu dados pessoais. Por isso, temos uma pol\u00edtica que define como os seus dados pessoais s\u00e3o processados e protegidos. Quem \u00e9 respons\u00e1vel pelo tratamento dos seus dados? NEUMATICOS LUCENA [&hellip;]","og_url":"https:\/\/neumaticoslucena.com\/pt-pt\/politica-de-privacidade-e-cookies\/","og_site_name":"Neum\u00e1ticos Lucena","article_modified_time":"2023-06-12T08:12:36+00:00","twitter_card":"summary_large_image","twitter_misc":{"Tempo estimado de leitura":"3 minutos"},"schema":{"@context":"https:\/\/schema.org","@graph":[{"@type":"WebPage","@id":"https:\/\/neumaticoslucena.com\/pt-pt\/politica-de-privacidade-e-cookies\/","url":"https:\/\/neumaticoslucena.com\/pt-pt\/politica-de-privacidade-e-cookies\/","name":"Pol\u00edtica de privacidade e cookies - Neum\u00e1ticos Lucena","isPartOf":{"@id":"https:\/\/neumaticoslucena.com\/pt-pt\/#website"},"datePublished":"2016-01-22T17:19:24+00:00","dateModified":"2023-06-12T08:12:36+00:00","breadcrumb":{"@id":"https:\/\/neumaticoslucena.com\/pt-pt\/politica-de-privacidade-e-cookies\/#breadcrumb"},"inLanguage":"pt-PT","potentialAction":[{"@type":"ReadAction","target":["https:\/\/neumaticoslucena.com\/pt-pt\/politica-de-privacidade-e-cookies\/"]}]},{"@type":"BreadcrumbList","@id":"https:\/\/neumaticoslucena.com\/pt-pt\/politica-de-privacidade-e-cookies\/#breadcrumb","itemListElement":[{"@type":"ListItem","position":1,"name":"Portada","item":"https:\/\/neumaticoslucena.com\/pt-pt\/"},{"@type":"ListItem","position":2,"name":"Pol\u00edtica de privacidade e cookies"}]},{"@type":"WebSite","@id":"https:\/\/neumaticoslucena.com\/pt-pt\/#website","url":"https:\/\/neumaticoslucena.com\/pt-pt\/","name":"Neum\u00e1ticos Lucena","description":"","publisher":{"@id":"https:\/\/neumaticoslucena.com\/pt-pt\/#organization"},"potentialAction":[{"@type":"SearchAction","target":{"@type":"EntryPoint","urlTemplate":"https:\/\/neumaticoslucena.com\/pt-pt\/?s={search_term_string}"},"query-input":{"@type":"PropertyValueSpecification","valueRequired":true,"valueName":"search_term_string"}}],"inLanguage":"pt-PT"},{"@type":"Organization","@id":"https:\/\/neumaticoslucena.com\/pt-pt\/#organization","name":"Neum\u00e1ticos Lucena","url":"https:\/\/neumaticoslucena.com\/pt-pt\/","logo":{"@type":"ImageObject","inLanguage":"pt-PT","@id":"https:\/\/neumaticoslucena.com\/pt-pt\/#\/schema\/logo\/image\/","url":"https:\/\/neumaticoslucena.com\/wp-content\/uploads\/2016\/10\/logo_lucena.jpg","contentUrl":"https:\/\/neumaticoslucena.com\/wp-content\/uploads\/2016\/10\/logo_lucena.jpg","width":197,"height":61,"caption":"Neum\u00e1ticos Lucena"},"image":{"@id":"https:\/\/neumaticoslucena.com\/pt-pt\/#\/schema\/logo\/image\/"}}]}},"_links":{"self":[{"href":"https:\/\/neumaticoslucena.com\/pt-pt\/wp-json\/wp\/v2\/pages\/3419","targetHints":{"allow":["GET"]}}],"collection":[{"href":"https:\/\/neumaticoslucena.com\/pt-pt\/wp-json\/wp\/v2\/pages"}],"about":[{"href":"https:\/\/neumaticoslucena.com\/pt-pt\/wp-json\/wp\/v2\/types\/page"}],"author":[{"embeddable":true,"href":"https:\/\/neumaticoslucena.com\/pt-pt\/wp-json\/wp\/v2\/users\/1"}],"replies":[{"embeddable":true,"href":"https:\/\/neumaticoslucena.com\/pt-pt\/wp-json\/wp\/v2\/comments?post=3419"}],"version-history":[{"count":5,"href":"https:\/\/neumaticoslucena.com\/pt-pt\/wp-json\/wp\/v2\/pages\/3419\/revisions"}],"predecessor-version":[{"id":3693,"href":"https:\/\/neumaticoslucena.com\/pt-pt\/wp-json\/wp\/v2\/pages\/3419\/revisions\/3693"}],"wp:attachment":[{"href":"https:\/\/neumaticoslucena.com\/pt-pt\/wp-json\/wp\/v2\/media?parent=3419"}],"curies":[{"name":"wp","href":"https:\/\/api.w.org\/{rel}","templated":true}]}}