{"id":2792,"date":"2016-10-06T09:29:07","date_gmt":"2016-10-06T09:29:07","guid":{"rendered":"https:\/\/neumaticoslucena.com\/empresa\/"},"modified":"2020-06-18T08:22:22","modified_gmt":"2020-06-18T08:22:22","slug":"empresa","status":"publish","type":"page","link":"https:\/\/neumaticoslucena.com\/pt-pt\/empresa\/","title":{"rendered":"Empresa"},"content":{"rendered":"<p>[spb_row element_name=&#8221;Row&#8221; wrap_type=&#8221;full-width&#8221; row_bg_type=&#8221;image&#8221; row_bg_color=&#8221;#ea6800&#8243; color_row_height=&#8221;content-height&#8221; bg_image=&#8221;2108&#8243; bg_type=&#8221;cover&#8221; parallax_image_height=&#8221;content-height&#8221; parallax_image_movement=&#8221;scroll&#8221; parallax_image_speed=&#8221;0.5&#8243; bg_video_loop=&#8221;yes&#8221; parallax_video_height=&#8221;window-height&#8221; row_top_style=&#8221;none&#8221; row_bottom_style=&#8221;slant-ltr&#8221; parallax_video_overlay=&#8221;none&#8221; row_overlay_opacity=&#8221;0&#8243; row_padding_vertical=&#8221;60&#8243; row_padding_horizontal=&#8221;0&#8243; row_margin_vertical=&#8221;0&#8243; remove_element_spacing=&#8221;no&#8221; vertical_center=&#8221;true&#8221; inner_column_height=&#8221;col-natural&#8221; row_expanding=&#8221;no&#8221; row_animation=&#8221;none&#8221; row_animation_delay=&#8221;0&#8243; row_id=&#8221;distribucion&#8221; row_name=&#8221;Distribuci\u00f3n de neum\u00e1ticos&#8221; minimize_row=&#8221;no&#8221; simplified_controls=&#8221;yes&#8221; custom_css_percentage=&#8221;no&#8221; custom_css=&#8221;margin-top: 0px;margin-bottom: 0px;border-top: 0px ;border-left: 0px ;border-right: 0px ;border-bottom: 0px ;padding-top: 60px;padding-left: 0px;padding-right: 0px;padding-bottom: 60px;&#8221; border_styling_global=&#8221;default&#8221; el_class=&#8221;mt0 bt0 no-shadow&#8221; width=&#8221;1\/1&#8243; el_position=&#8221;first last&#8221;] [spb_text_block animation=&#8221;none&#8221; animation_delay=&#8221;0&#8243; simplified_controls=&#8221;yes&#8221; custom_css_percentage=&#8221;no&#8221; padding_vertical=&#8221;5&#8243; padding_horizontal=&#8221;5&#8243; margin_vertical=&#8221;0&#8243; custom_css=&#8221;margin-top: 0px;margin-bottom: 0px;border-top: 0px ;border-left: 0px ;border-right: 0px ;border-bottom: 0px ;padding-top: 5px;padding-left: 5px;padding-right: 5px;padding-bottom: 5px;&#8221; border_size=&#8221;0&#8243; border_styling_global=&#8221;default&#8221; width=&#8221;1\/1&#8243; el_position=&#8221;first last&#8221;]<\/p>\n<h1 style=\"text-align: center;\"><span style=\"color: #ffffff;\">Conhe\u00e7a a nossa hist\u00f3ria<\/span><\/h1>\n<p>[\/spb_text_block] [\/spb_row] [spb_row element_name=&#8221;Row&#8221; wrap_type=&#8221;content-width&#8221; row_bg_type=&#8221;color&#8221; row_bg_color=&#8221;#ffffff&#8221; color_row_height=&#8221;content-height&#8221; bg_type=&#8221;cover&#8221; parallax_image_height=&#8221;content-height&#8221; parallax_image_movement=&#8221;fixed&#8221; parallax_image_speed=&#8221;0.5&#8243; bg_video_loop=&#8221;yes&#8221; parallax_video_height=&#8221;window-height&#8221; row_top_style=&#8221;none&#8221; row_bottom_style=&#8221;none&#8221; parallax_video_overlay=&#8221;none&#8221; row_overlay_opacity=&#8221;0&#8243; row_padding_vertical=&#8221;75&#8243; row_padding_horizontal=&#8221;0&#8243; row_margin_vertical=&#8221;0&#8243; remove_element_spacing=&#8221;no&#8221; vertical_center=&#8221;false&#8221; inner_column_height=&#8221;col-natural&#8221; row_expanding=&#8221;no&#8221; row_expading_text_closed=&#8221;concepto&#8221; row_animation=&#8221;none&#8221; row_animation_delay=&#8221;0&#8243; minimize_row=&#8221;no&#8221; simplified_controls=&#8221;yes&#8221; custom_css_percentage=&#8221;no&#8221; custom_css=&#8221;margin-top: 0px;margin-bottom: 0px;&#8221; border_styling_global=&#8221;default&#8221; width=&#8221;1\/1&#8243; el_position=&#8221;first last&#8221;] [spb_blank_spacer height=&#8221;80px&#8221; width=&#8221;1\/1&#8243; el_position=&#8221;first last&#8221;] [spb_blank_spacer height=&#8221;60px&#8221; width=&#8221;1\/6&#8243; el_position=&#8221;first&#8221;] [spb_text_block title=&#8221;Pneus Lucena&#8221; animation=&#8221;none&#8221; animation_delay=&#8221;0&#8243; simplified_controls=&#8221;yes&#8221; custom_css_percentage=&#8221;no&#8221; padding_vertical=&#8221;0&#8243; padding_horizontal=&#8221;0&#8243; margin_vertical=&#8221;0&#8243; custom_css=&#8221;margin-top: 0px;margin-bottom: 0px;border-top: 0px ;border-left: 0px ;border-right: 0px ;border-bottom: 0px ;padding-top: 0px;padding-left: 0px;padding-right: 0px;padding-bottom: 0px;&#8221; border_size=&#8221;0&#8243; border_styling_global=&#8221;default&#8221; width=&#8221;2\/3&#8243;]<\/p>\n<p>A Pneus\u00a0Lucena\u00a0deu in\u00edcio ao seu caminho em 1994, ainda que o neg\u00f3cio familiar tenha come\u00e7ado em 1953, pelo que temos mais de 70 anos de experi\u00eancia no mundo dos pneus.<\/p>\n<p>Comprometidos com o atendimento ao cliente e com a inova\u00e7\u00e3o, dotamos as nossas oficinas com a mais moderna maquinaria e com o pessoal o mais qualificado poss\u00edvel. Al\u00e9m disso, contamos com um grande armaz\u00e9m para satisfazer a procura de distribui\u00e7\u00e3o dos nossos clientes B2B, entregando a mercadoria num prazo m\u00e1ximo de 24h-48h.<\/p>\n<p class=\"p1\" style=\"text-align: left;\"><a class=\"sf-button standard accent default \" href=\"\/pt-pt\/contacto\" target=\"_self\" rel=\"\"><span class=\"text\">Contacte-nos<\/span><\/a><\/p>\n<p>[\/spb_text_block] [spb_blank_spacer height=&#8221;30px&#8221; width=&#8221;1\/6&#8243; el_position=&#8221;last&#8221;] [spb_blank_spacer height=&#8221;80px&#8221; width=&#8221;1\/1&#8243; el_position=&#8221;first last&#8221;] [\/spb_row] [spb_row element_name=&#8221;Row&#8221; wrap_type=&#8221;full-width&#8221; row_bg_type=&#8221;color&#8221; color_row_height=&#8221;content-height&#8221; bg_type=&#8221;cover&#8221; parallax_image_height=&#8221;content-height&#8221; parallax_image_movement=&#8221;fixed&#8221; parallax_image_speed=&#8221;0.5&#8243; bg_video_loop=&#8221;yes&#8221; parallax_video_height=&#8221;window-height&#8221; row_top_style=&#8221;none&#8221; row_bottom_style=&#8221;none&#8221; parallax_video_overlay=&#8221;none&#8221; row_overlay_opacity=&#8221;0&#8243; row_padding_vertical=&#8221;0&#8243; row_padding_horizontal=&#8221;0&#8243; row_margin_vertical=&#8221;30&#8243; remove_element_spacing=&#8221;yes&#8221; vertical_center=&#8221;true&#8221; inner_column_height=&#8221;col-natural&#8221; row_expanding=&#8221;no&#8221; row_animation=&#8221;none&#8221; row_animation_delay=&#8221;0&#8243; minimize_row=&#8221;no&#8221; simplified_controls=&#8221;yes&#8221; custom_css_percentage=&#8221;no&#8221; custom_css=&#8221;margin-top: 0px;margin-bottom: 0px;&#8221; border_styling_global=&#8221;default&#8221; width=&#8221;1\/1&#8243; el_position=&#8221;first last&#8221;] [spb_image image=&#8221;2099&#8243; image_size=&#8221;full&#8221; frame=&#8221;noframe&#8221; caption_pos=&#8221;hover&#8221; remove_rounded=&#8221;yes&#8221; fullwidth=&#8221;no&#8221; overflow_mode=&#8221;none&#8221; link_target=&#8221;_self&#8221; lightbox=&#8221;no&#8221; intro_animation=&#8221;none&#8221; animation_delay=&#8221;200&#8243; width=&#8221;1\/4&#8243; el_position=&#8221;first&#8221;] [spb_image image=&#8221;2101&#8243; image_size=&#8221;full&#8221; frame=&#8221;noframe&#8221; caption_pos=&#8221;hover&#8221; remove_rounded=&#8221;yes&#8221; fullwidth=&#8221;no&#8221; overflow_mode=&#8221;none&#8221; link_target=&#8221;_self&#8221; lightbox=&#8221;no&#8221; intro_animation=&#8221;none&#8221; animation_delay=&#8221;200&#8243; width=&#8221;1\/4&#8243;] [spb_image image=&#8221;2102&#8243; image_size=&#8221;full&#8221; frame=&#8221;noframe&#8221; caption_pos=&#8221;hover&#8221; remove_rounded=&#8221;yes&#8221; fullwidth=&#8221;no&#8221; overflow_mode=&#8221;none&#8221; link_target=&#8221;_self&#8221; lightbox=&#8221;no&#8221; intro_animation=&#8221;none&#8221; animation_delay=&#8221;200&#8243; width=&#8221;1\/4&#8243;] [spb_image image=&#8221;2100&#8243; image_size=&#8221;full&#8221; frame=&#8221;noframe&#8221; caption_pos=&#8221;hover&#8221; remove_rounded=&#8221;yes&#8221; fullwidth=&#8221;no&#8221; overflow_mode=&#8221;none&#8221; link_target=&#8221;_self&#8221; lightbox=&#8221;no&#8221; intro_animation=&#8221;none&#8221; animation_delay=&#8221;200&#8243; width=&#8221;1\/4&#8243; el_position=&#8221;last&#8221;] [\/spb_row]<\/p>\n","protected":false},"excerpt":{"rendered":"<p>[spb_row element_name=&#8221;Row&#8221; wrap_type=&#8221;full-width&#8221; row_bg_type=&#8221;image&#8221; row_bg_color=&#8221;#ea6800&#8243; color_row_height=&#8221;content-height&#8221; bg_image=&#8221;2108&#8243; bg_type=&#8221;cover&#8221; parallax_image_height=&#8221;content-height&#8221; parallax_image_movement=&#8221;scroll&#8221; parallax_image_speed=&#8221;0.5&#8243; bg_video_loop=&#8221;yes&#8221; parallax_video_height=&#8221;window-height&#8221; row_top_style=&#8221;none&#8221; row_bottom_style=&#8221;slant-ltr&#8221; parallax_video_overlay=&#8221;none&#8221; row_overlay_opacity=&#8221;0&#8243; row_padding_vertical=&#8221;60&#8243; row_padding_horizontal=&#8221;0&#8243; row_margin_vertical=&#8221;0&#8243; remove_element_spacing=&#8221;no&#8221; vertical_center=&#8221;true&#8221; inner_column_height=&#8221;col-natural&#8221; row_expanding=&#8221;no&#8221; row_animation=&#8221;none&#8221; row_animation_delay=&#8221;0&#8243; row_id=&#8221;distribucion&#8221; row_name=&#8221;Distribuci\u00f3n de neum\u00e1ticos&#8221; minimize_row=&#8221;no&#8221; simplified_controls=&#8221;yes&#8221; custom_css_percentage=&#8221;no&#8221; custom_css=&#8221;margin-top: 0px;margin-bottom: 0px;border-top: 0px ;border-left: 0px ;border-right: 0px ;border-bottom: 0px ;padding-top: 60px;padding-left: 0px;padding-right: 0px;padding-bottom: 60px;&#8221; border_styling_global=&#8221;default&#8221; el_class=&#8221;mt0 bt0 no-shadow&#8221; width=&#8221;1\/1&#8243; el_position=&#8221;first last&#8221;] [spb_text_block animation=&#8221;none&#8221; animation_delay=&#8221;0&#8243; simplified_controls=&#8221;yes&#8221; custom_css_percentage=&#8221;no&#8221; [&hellip;]<\/p>\n","protected":false},"author":1,"featured_media":0,"parent":0,"menu_order":0,"comment_status":"closed","ping_status":"closed","template":"","meta":{"footnotes":""},"class_list":["post-2792","page","type-page","status-publish","hentry"],"yoast_head":"<!-- This site is optimized with the Yoast SEO plugin v26.2 - https:\/\/yoast.com\/wordpress\/plugins\/seo\/ -->\n<title>Empresa - Neum\u00e1ticos Lucena<\/title>\n<meta name=\"description\" content=\"Nuestra empresa empez\u00f3 en 1994 siguiendo los pasos de dos generaciones anteriores, abuelo y padre dedicados tambi\u00e9n al negocio del neum\u00e1tico.\" \/>\n<meta name=\"robots\" content=\"index, follow, max-snippet:-1, max-image-preview:large, max-video-preview:-1\" \/>\n<link rel=\"canonical\" href=\"https:\/\/neumaticoslucena.com\/pt-pt\/empresa\/\" \/>\n<meta property=\"og:locale\" content=\"pt_PT\" \/>\n<meta property=\"og:type\" content=\"article\" \/>\n<meta property=\"og:title\" content=\"Empresa - Neum\u00e1ticos Lucena\" \/>\n<meta property=\"og:description\" content=\"Nuestra empresa empez\u00f3 en 1994 siguiendo los pasos de dos generaciones anteriores, abuelo y padre dedicados tambi\u00e9n al negocio del neum\u00e1tico.\" \/>\n<meta property=\"og:url\" content=\"https:\/\/neumaticoslucena.com\/pt-pt\/empresa\/\" \/>\n<meta property=\"og:site_name\" content=\"Neum\u00e1ticos Lucena\" \/>\n<meta property=\"article:modified_time\" content=\"2020-06-18T08:22:22+00:00\" \/>\n<meta name=\"twitter:card\" content=\"summary_large_image\" \/>\n<meta name=\"twitter:label1\" content=\"Tempo estimado de leitura\" \/>\n\t<meta name=\"twitter:data1\" content=\"4 minutos\" \/>\n<script type=\"application\/ld+json\" class=\"yoast-schema-graph\">{\"@context\":\"https:\/\/schema.org\",\"@graph\":[{\"@type\":\"WebPage\",\"@id\":\"https:\/\/neumaticoslucena.com\/pt-pt\/empresa\/\",\"url\":\"https:\/\/neumaticoslucena.com\/pt-pt\/empresa\/\",\"name\":\"Empresa - Neum\u00e1ticos Lucena\",\"isPartOf\":{\"@id\":\"https:\/\/neumaticoslucena.com\/pt-pt\/#website\"},\"datePublished\":\"2016-10-06T09:29:07+00:00\",\"dateModified\":\"2020-06-18T08:22:22+00:00\",\"description\":\"Nuestra empresa empez\u00f3 en 1994 siguiendo los pasos de dos generaciones anteriores, abuelo y padre dedicados tambi\u00e9n al negocio del neum\u00e1tico.\",\"breadcrumb\":{\"@id\":\"https:\/\/neumaticoslucena.com\/pt-pt\/empresa\/#breadcrumb\"},\"inLanguage\":\"pt-PT\",\"potentialAction\":[{\"@type\":\"ReadAction\",\"target\":[\"https:\/\/neumaticoslucena.com\/pt-pt\/empresa\/\"]}]},{\"@type\":\"BreadcrumbList\",\"@id\":\"https:\/\/neumaticoslucena.com\/pt-pt\/empresa\/#breadcrumb\",\"itemListElement\":[{\"@type\":\"ListItem\",\"position\":1,\"name\":\"Portada\",\"item\":\"https:\/\/neumaticoslucena.com\/pt-pt\/\"},{\"@type\":\"ListItem\",\"position\":2,\"name\":\"Empresa\"}]},{\"@type\":\"WebSite\",\"@id\":\"https:\/\/neumaticoslucena.com\/pt-pt\/#website\",\"url\":\"https:\/\/neumaticoslucena.com\/pt-pt\/\",\"name\":\"Neum\u00e1ticos Lucena\",\"description\":\"\",\"publisher\":{\"@id\":\"https:\/\/neumaticoslucena.com\/pt-pt\/#organization\"},\"potentialAction\":[{\"@type\":\"SearchAction\",\"target\":{\"@type\":\"EntryPoint\",\"urlTemplate\":\"https:\/\/neumaticoslucena.com\/pt-pt\/?s={search_term_string}\"},\"query-input\":{\"@type\":\"PropertyValueSpecification\",\"valueRequired\":true,\"valueName\":\"search_term_string\"}}],\"inLanguage\":\"pt-PT\"},{\"@type\":\"Organization\",\"@id\":\"https:\/\/neumaticoslucena.com\/pt-pt\/#organization\",\"name\":\"Neum\u00e1ticos Lucena\",\"url\":\"https:\/\/neumaticoslucena.com\/pt-pt\/\",\"logo\":{\"@type\":\"ImageObject\",\"inLanguage\":\"pt-PT\",\"@id\":\"https:\/\/neumaticoslucena.com\/pt-pt\/#\/schema\/logo\/image\/\",\"url\":\"https:\/\/neumaticoslucena.com\/wp-content\/uploads\/2016\/10\/logo_lucena.jpg\",\"contentUrl\":\"https:\/\/neumaticoslucena.com\/wp-content\/uploads\/2016\/10\/logo_lucena.jpg\",\"width\":197,\"height\":61,\"caption\":\"Neum\u00e1ticos Lucena\"},\"image\":{\"@id\":\"https:\/\/neumaticoslucena.com\/pt-pt\/#\/schema\/logo\/image\/\"}}]}<\/script>\n<!-- \/ Yoast SEO plugin. -->","yoast_head_json":{"title":"Empresa - Neum\u00e1ticos Lucena","description":"Nuestra empresa empez\u00f3 en 1994 siguiendo los pasos de dos generaciones anteriores, abuelo y padre dedicados tambi\u00e9n al negocio del neum\u00e1tico.","robots":{"index":"index","follow":"follow","max-snippet":"max-snippet:-1","max-image-preview":"max-image-preview:large","max-video-preview":"max-video-preview:-1"},"canonical":"https:\/\/neumaticoslucena.com\/pt-pt\/empresa\/","og_locale":"pt_PT","og_type":"article","og_title":"Empresa - Neum\u00e1ticos Lucena","og_description":"Nuestra empresa empez\u00f3 en 1994 siguiendo los pasos de dos generaciones anteriores, abuelo y padre dedicados tambi\u00e9n al negocio del neum\u00e1tico.","og_url":"https:\/\/neumaticoslucena.com\/pt-pt\/empresa\/","og_site_name":"Neum\u00e1ticos Lucena","article_modified_time":"2020-06-18T08:22:22+00:00","twitter_card":"summary_large_image","twitter_misc":{"Tempo estimado de leitura":"4 minutos"},"schema":{"@context":"https:\/\/schema.org","@graph":[{"@type":"WebPage","@id":"https:\/\/neumaticoslucena.com\/pt-pt\/empresa\/","url":"https:\/\/neumaticoslucena.com\/pt-pt\/empresa\/","name":"Empresa - Neum\u00e1ticos Lucena","isPartOf":{"@id":"https:\/\/neumaticoslucena.com\/pt-pt\/#website"},"datePublished":"2016-10-06T09:29:07+00:00","dateModified":"2020-06-18T08:22:22+00:00","description":"Nuestra empresa empez\u00f3 en 1994 siguiendo los pasos de dos generaciones anteriores, abuelo y padre dedicados tambi\u00e9n al negocio del neum\u00e1tico.","breadcrumb":{"@id":"https:\/\/neumaticoslucena.com\/pt-pt\/empresa\/#breadcrumb"},"inLanguage":"pt-PT","potentialAction":[{"@type":"ReadAction","target":["https:\/\/neumaticoslucena.com\/pt-pt\/empresa\/"]}]},{"@type":"BreadcrumbList","@id":"https:\/\/neumaticoslucena.com\/pt-pt\/empresa\/#breadcrumb","itemListElement":[{"@type":"ListItem","position":1,"name":"Portada","item":"https:\/\/neumaticoslucena.com\/pt-pt\/"},{"@type":"ListItem","position":2,"name":"Empresa"}]},{"@type":"WebSite","@id":"https:\/\/neumaticoslucena.com\/pt-pt\/#website","url":"https:\/\/neumaticoslucena.com\/pt-pt\/","name":"Neum\u00e1ticos Lucena","description":"","publisher":{"@id":"https:\/\/neumaticoslucena.com\/pt-pt\/#organization"},"potentialAction":[{"@type":"SearchAction","target":{"@type":"EntryPoint","urlTemplate":"https:\/\/neumaticoslucena.com\/pt-pt\/?s={search_term_string}"},"query-input":{"@type":"PropertyValueSpecification","valueRequired":true,"valueName":"search_term_string"}}],"inLanguage":"pt-PT"},{"@type":"Organization","@id":"https:\/\/neumaticoslucena.com\/pt-pt\/#organization","name":"Neum\u00e1ticos Lucena","url":"https:\/\/neumaticoslucena.com\/pt-pt\/","logo":{"@type":"ImageObject","inLanguage":"pt-PT","@id":"https:\/\/neumaticoslucena.com\/pt-pt\/#\/schema\/logo\/image\/","url":"https:\/\/neumaticoslucena.com\/wp-content\/uploads\/2016\/10\/logo_lucena.jpg","contentUrl":"https:\/\/neumaticoslucena.com\/wp-content\/uploads\/2016\/10\/logo_lucena.jpg","width":197,"height":61,"caption":"Neum\u00e1ticos Lucena"},"image":{"@id":"https:\/\/neumaticoslucena.com\/pt-pt\/#\/schema\/logo\/image\/"}}]}},"_links":{"self":[{"href":"https:\/\/neumaticoslucena.com\/pt-pt\/wp-json\/wp\/v2\/pages\/2792","targetHints":{"allow":["GET"]}}],"collection":[{"href":"https:\/\/neumaticoslucena.com\/pt-pt\/wp-json\/wp\/v2\/pages"}],"about":[{"href":"https:\/\/neumaticoslucena.com\/pt-pt\/wp-json\/wp\/v2\/types\/page"}],"author":[{"embeddable":true,"href":"https:\/\/neumaticoslucena.com\/pt-pt\/wp-json\/wp\/v2\/users\/1"}],"replies":[{"embeddable":true,"href":"https:\/\/neumaticoslucena.com\/pt-pt\/wp-json\/wp\/v2\/comments?post=2792"}],"version-history":[{"count":2,"href":"https:\/\/neumaticoslucena.com\/pt-pt\/wp-json\/wp\/v2\/pages\/2792\/revisions"}],"predecessor-version":[{"id":3552,"href":"https:\/\/neumaticoslucena.com\/pt-pt\/wp-json\/wp\/v2\/pages\/2792\/revisions\/3552"}],"wp:attachment":[{"href":"https:\/\/neumaticoslucena.com\/pt-pt\/wp-json\/wp\/v2\/media?parent=2792"}],"curies":[{"name":"wp","href":"https:\/\/api.w.org\/{rel}","templated":true}]}}